{"id":4692,"date":"2024-12-02T16:37:45","date_gmt":"2024-12-02T16:37:45","guid":{"rendered":"https:\/\/calpebooking.com\/que-es-mejor-alquilar-o-vender-mi-propiedad-en-calpe\/"},"modified":"2026-03-27T09:53:30","modified_gmt":"2026-03-27T09:53:30","slug":"quel-est-le-meilleur-moyen-de-louer-ou-de-vendre-mon-bien-immobilier-a-calpe","status":"publish","type":"page","link":"https:\/\/calpebooking.com\/?page_id=4692","title":{"rendered":"Quel est le meilleur moyen de louer ou de vendre mon bien immobilier \u00e0 Calpe ?"},"content":{"rendered":"\t\t<div data-elementor-type=\"wp-page\" data-elementor-id=\"4692\" class=\"elementor elementor-4692\">\n\t\t\t\t<div class=\"elementor-element elementor-element-2cb19fb e-flex e-con-boxed e-con e-parent\" data-id=\"2cb19fb\" data-element_type=\"container\" data-e-type=\"container\">\n\t\t\t\t\t<div class=\"e-con-inner\">\n\t\t\t\t<div class=\"elementor-element elementor-element-964460e elementor-widget elementor-widget-heading\" data-id=\"964460e\" data-element_type=\"widget\" data-e-type=\"widget\" data-widget_type=\"heading.default\">\n\t\t\t\t<div class=\"elementor-widget-container\">\n\t\t\t\t\t<h2 class=\"elementor-heading-title elementor-size-default\"> Quel est le meilleur moyen de louer ou de vendre votre propri\u00e9t\u00e9 \u00e0 Calpe? <\/h2>\t\t\t\t<\/div>\n\t\t\t\t<\/div>\n\t\t\t\t\t<\/div>\n\t\t\t\t<\/div>\n\t\t<div class=\"elementor-element elementor-element-bf74caa e-flex e-con-boxed e-con e-parent\" data-id=\"bf74caa\" data-element_type=\"container\" data-e-type=\"container\">\n\t\t\t\t\t<div class=\"e-con-inner\">\n\t\t<div class=\"elementor-element elementor-element-021f091 e-con-full e-flex e-con e-child\" data-id=\"021f091\" data-element_type=\"container\" data-e-type=\"container\">\n\t\t\t\t<div class=\"elementor-element elementor-element-82ed625 elementor-widget elementor-widget-image\" data-id=\"82ed625\" data-element_type=\"widget\" data-e-type=\"widget\" data-widget_type=\"image.default\">\n\t\t\t\t<div class=\"elementor-widget-container\">\n\t\t\t\t\t\t\t\t\t\t\t\t\t\t\t\t<a href=\"https:\/\/mercasa-calpe1.ipzmarketing.com\/f\/9oqdxtVYgxE\">\n\t\t\t\t\t\t\t<img fetchpriority=\"high\" decoding=\"async\" width=\"900\" height=\"600\" src=\"https:\/\/calpebooking.com\/wp-content\/uploads\/2024\/12\/FR-Que-es-mejor-alquilar-o-vender-su-propiedad-de-Calpe-1024x683.jpg\" class=\"attachment-large size-large wp-image-4751\" alt=\"\" srcset=\"https:\/\/calpebooking.com\/wp-content\/uploads\/2024\/12\/FR-Que-es-mejor-alquilar-o-vender-su-propiedad-de-Calpe-1024x683.jpg 1024w, https:\/\/calpebooking.com\/wp-content\/uploads\/2024\/12\/FR-Que-es-mejor-alquilar-o-vender-su-propiedad-de-Calpe-300x200.jpg 300w, https:\/\/calpebooking.com\/wp-content\/uploads\/2024\/12\/FR-Que-es-mejor-alquilar-o-vender-su-propiedad-de-Calpe-768x512.jpg 768w, https:\/\/calpebooking.com\/wp-content\/uploads\/2024\/12\/FR-Que-es-mejor-alquilar-o-vender-su-propiedad-de-Calpe-1536x1024.jpg 1536w, https:\/\/calpebooking.com\/wp-content\/uploads\/2024\/12\/FR-Que-es-mejor-alquilar-o-vender-su-propiedad-de-Calpe-2048x1365.jpg 2048w, https:\/\/calpebooking.com\/wp-content\/uploads\/2024\/12\/FR-Que-es-mejor-alquilar-o-vender-su-propiedad-de-Calpe-287x190.jpg 287w\" sizes=\"(max-width: 900px) 100vw, 900px\" \/>\t\t\t\t\t\t\t\t<\/a>\n\t\t\t\t\t\t\t\t\t\t\t\t\t\t\t<\/div>\n\t\t\t\t<\/div>\n\t\t\t\t<\/div>\n\t\t<div class=\"elementor-element elementor-element-a25c043 e-con-full e-flex e-con e-child\" data-id=\"a25c043\" data-element_type=\"container\" data-e-type=\"container\">\n\t\t\t\t<div class=\"elementor-element elementor-element-8f10b1c elementor-widget elementor-widget-heading\" data-id=\"8f10b1c\" data-element_type=\"widget\" data-e-type=\"widget\" data-widget_type=\"heading.default\">\n\t\t\t\t<div class=\"elementor-widget-container\">\n\t\t\t\t\t<h3 class=\"elementor-heading-title elementor-size-default\">D\u00e9couvrez comment prendre la meilleure d\u00e9cision concernant votre bien immobilier<\/h3>\t\t\t\t<\/div>\n\t\t\t\t<\/div>\n\t\t\n\t\t<div class=\"elementor-element elementor-element-7f64223 elementor-widget elementor-widget-text-editor\" data-id=\"7f64223\" data-element_type=\"widget\" data-e-type=\"widget\" data-widget_type=\"text-editor.default\">\n\t\t\t\t<div class=\"elementor-widget-container\">\n\t\t\t\t\t\t\t\t\t<p>Vous vous demandez s&#8217;il est temps de vendre ou si vous pouvez faire plus de profit en louant votre propri\u00e9t\u00e9 ? Ce rapport exclusif est con\u00e7u pour vous aider \u00e0 r\u00e9pondre \u00e0 cette question. Nous vous proposons une analyse compl\u00e8te de la situation actuelle du march\u00e9 immobilier \u00e0 Calpe, des exemples concrets de r\u00e9ussites et une analyse des raisons pour lesquelles Playa de la Fossa est l&#8217;une des zones les plus recherch\u00e9es de la Costa Blanca. Gr\u00e2ce \u00e0 ces informations, vous pourrez prendre une d\u00e9cision \u00e9clair\u00e9e et tirer le meilleur parti de votre investissement.<\/p>\t\t\t\t\t\t\t\t<\/div>\n\t\t\t\t<\/div>\n\t\t\t\t<div class=\"elementor-element elementor-element-2590078 elementor-widget elementor-widget-button\" data-id=\"2590078\" data-element_type=\"widget\" data-e-type=\"widget\" data-widget_type=\"button.default\">\n\t\t\t\t<div class=\"elementor-widget-container\">\n\t\t\t\t\t\t\t\t\t<div class=\"elementor-button-wrapper\">\n\t\t\t\t\t<a class=\"elementor-button elementor-button-link elementor-size-sm\" href=\"https:\/\/mercasa-calpe1.ipzmarketing.com\/f\/9oqdxtVYgxE\">\n\t\t\t\t\t\t<span class=\"elementor-button-content-wrapper\">\n\t\t\t\t\t\t\t\t\t<span class=\"elementor-button-text\">T\u00e9l\u00e9charger le rapport<\/span>\n\t\t\t\t\t<\/span>\n\t\t\t\t\t<\/a>\n\t\t\t\t<\/div>\n\t\t\t\t\t\t\t\t<\/div>\n\t\t\t\t<\/div>\n\t\t\t\t<\/div>\n\t\t\t\t\t<\/div>\n\t\t\t\t<\/div>\n\t\t<div class=\"elementor-element elementor-element-3def248 e-flex e-con-boxed e-con e-parent\" data-id=\"3def248\" data-element_type=\"container\" data-e-type=\"container\">\n\t\t\t\t\t<div class=\"e-con-inner\">\n\t\t<div class=\"elementor-element elementor-element-637a7f5 e-con-full e-flex e-con e-child\" data-id=\"637a7f5\" data-element_type=\"container\" data-e-type=\"container\">\n\t\t\t\t<div class=\"elementor-element elementor-element-2c31290 elementor-widget elementor-widget-heading\" data-id=\"2c31290\" data-element_type=\"widget\" data-e-type=\"widget\" data-widget_type=\"heading.default\">\n\t\t\t\t<div class=\"elementor-widget-container\">\n\t\t\t\t\t<h2 class=\"elementor-heading-title elementor-size-default\">Testimonios<\/h2>\t\t\t\t<\/div>\n\t\t\t\t<\/div>\n\t\t\t\t<\/div>\n\t\t\t\t\t<\/div>\n\t\t\t\t<\/div>\n\t\t<div class=\"elementor-element elementor-element-72396db e-grid e-con-boxed e-con e-parent\" data-id=\"72396db\" data-element_type=\"container\" data-e-type=\"container\">\n\t\t\t\t\t<div class=\"e-con-inner\">\n\t\t\t\t<div class=\"elementor-element elementor-element-7a37d99 elementor-widget elementor-widget-testimonial\" data-id=\"7a37d99\" data-element_type=\"widget\" data-e-type=\"widget\" data-widget_type=\"testimonial.default\">\n\t\t\t\t<div class=\"elementor-widget-container\">\n\t\t\t\t\t\t\t<div class=\"elementor-testimonial-wrapper\">\n\t\t\t\t\t\t\t<div class=\"elementor-testimonial-content\">En 2022, j'ai achet\u00e9 une propri\u00e9t\u00e9 dans l'Edificio Topacio I pour 150 000 euros, elle se vend actuellement \u00e0 180 000 euros, mais en ce moment, j'obtiens un meilleur rendement que celui que la banque pourrait m'offrir avec ses propositions de fonds d'investissement.  <\/div>\n\t\t\t\n\t\t\t\t\t\t<div class=\"elementor-testimonial-meta elementor-has-image elementor-testimonial-image-position-aside\">\n\t\t\t\t<div class=\"elementor-testimonial-meta-inner\">\n\t\t\t\t\t\t\t\t\t\t\t<div class=\"elementor-testimonial-image\">\n\t\t\t\t\t\t\t<img decoding=\"async\" width=\"2560\" height=\"1707\" src=\"https:\/\/calpebooking.com\/wp-content\/uploads\/2024\/12\/adult-pretty-woman-thinking-with-pensive-expression-against-wall-background-ai-generated-scaled.jpg\" class=\"attachment-full size-full wp-image-4712\" alt=\"\" srcset=\"https:\/\/calpebooking.com\/wp-content\/uploads\/2024\/12\/adult-pretty-woman-thinking-with-pensive-expression-against-wall-background-ai-generated-scaled.jpg 2560w, https:\/\/calpebooking.com\/wp-content\/uploads\/2024\/12\/adult-pretty-woman-thinking-with-pensive-expression-against-wall-background-ai-generated-300x200.jpg 300w, https:\/\/calpebooking.com\/wp-content\/uploads\/2024\/12\/adult-pretty-woman-thinking-with-pensive-expression-against-wall-background-ai-generated-1024x683.jpg 1024w, https:\/\/calpebooking.com\/wp-content\/uploads\/2024\/12\/adult-pretty-woman-thinking-with-pensive-expression-against-wall-background-ai-generated-768x512.jpg 768w, https:\/\/calpebooking.com\/wp-content\/uploads\/2024\/12\/adult-pretty-woman-thinking-with-pensive-expression-against-wall-background-ai-generated-1536x1024.jpg 1536w, https:\/\/calpebooking.com\/wp-content\/uploads\/2024\/12\/adult-pretty-woman-thinking-with-pensive-expression-against-wall-background-ai-generated-2048x1365.jpg 2048w, https:\/\/calpebooking.com\/wp-content\/uploads\/2024\/12\/adult-pretty-woman-thinking-with-pensive-expression-against-wall-background-ai-generated-287x190.jpg 287w\" sizes=\"(max-width: 2560px) 100vw, 2560px\" \/>\t\t\t\t\t\t<\/div>\n\t\t\t\t\t\n\t\t\t\t\t\t\t\t\t\t<div class=\"elementor-testimonial-details\">\n\t\t\t\t\t\t\t\t\t\t\t\t\t\t<div class=\"elementor-testimonial-name\">Sandra<\/div>\n\t\t\t\t\t\t\t\t\t\t\t\t\t\t\t\t\t\t\t\t\t\t<div class=\"elementor-testimonial-job\">Pays-Bas<\/div>\n\t\t\t\t\t\t\t\t\t\t\t\t\t<\/div>\n\t\t\t\t\t\t\t\t\t<\/div>\n\t\t\t<\/div>\n\t\t\t\t\t<\/div>\n\t\t\t\t\t\t<\/div>\n\t\t\t\t<\/div>\n\t\t\t\t<div class=\"elementor-element elementor-element-9f97b54 elementor-widget elementor-widget-testimonial\" data-id=\"9f97b54\" data-element_type=\"widget\" data-e-type=\"widget\" data-widget_type=\"testimonial.default\">\n\t\t\t\t<div class=\"elementor-widget-container\">\n\t\t\t\t\t\t\t<div class=\"elementor-testimonial-wrapper\">\n\t\t\t\t\t\t\t<div class=\"elementor-testimonial-content\">Cette ann\u00e9e, j'ai d\u00e9cid\u00e9 de vendre la maison parce que j'ai 75 ans et qu'il m'est tr\u00e8s difficile de venir de Bilbao \u00e0 Calpe. Je pr\u00e9f\u00e8re donc vendre maintenant et acheter une autre propri\u00e9t\u00e9 dans ma r\u00e9gion pour mes enfants. <\/div>\n\t\t\t\n\t\t\t\t\t\t<div class=\"elementor-testimonial-meta elementor-has-image elementor-testimonial-image-position-aside\">\n\t\t\t\t<div class=\"elementor-testimonial-meta-inner\">\n\t\t\t\t\t\t\t\t\t\t\t<div class=\"elementor-testimonial-image\">\n\t\t\t\t\t\t\t<img decoding=\"async\" width=\"2560\" height=\"1463\" src=\"https:\/\/calpebooking.com\/wp-content\/uploads\/2024\/12\/one-man-looking-camera-with-confidence-generated-by-ai-scaled.jpg\" class=\"attachment-full size-full wp-image-4718\" alt=\"\" srcset=\"https:\/\/calpebooking.com\/wp-content\/uploads\/2024\/12\/one-man-looking-camera-with-confidence-generated-by-ai-scaled.jpg 2560w, https:\/\/calpebooking.com\/wp-content\/uploads\/2024\/12\/one-man-looking-camera-with-confidence-generated-by-ai-300x171.jpg 300w, https:\/\/calpebooking.com\/wp-content\/uploads\/2024\/12\/one-man-looking-camera-with-confidence-generated-by-ai-1024x585.jpg 1024w, https:\/\/calpebooking.com\/wp-content\/uploads\/2024\/12\/one-man-looking-camera-with-confidence-generated-by-ai-768x439.jpg 768w, https:\/\/calpebooking.com\/wp-content\/uploads\/2024\/12\/one-man-looking-camera-with-confidence-generated-by-ai-1536x878.jpg 1536w, https:\/\/calpebooking.com\/wp-content\/uploads\/2024\/12\/one-man-looking-camera-with-confidence-generated-by-ai-2048x1170.jpg 2048w\" sizes=\"(max-width: 2560px) 100vw, 2560px\" \/>\t\t\t\t\t\t<\/div>\n\t\t\t\t\t\n\t\t\t\t\t\t\t\t\t\t<div class=\"elementor-testimonial-details\">\n\t\t\t\t\t\t\t\t\t\t\t\t\t\t<div class=\"elementor-testimonial-name\">Juan Carlos<\/div>\n\t\t\t\t\t\t\t\t\t\t\t\t\t\t\t\t\t\t\t\t\t\t<div class=\"elementor-testimonial-job\">Spanje<\/div>\n\t\t\t\t\t\t\t\t\t\t\t\t\t<\/div>\n\t\t\t\t\t\t\t\t\t<\/div>\n\t\t\t<\/div>\n\t\t\t\t\t<\/div>\n\t\t\t\t\t\t<\/div>\n\t\t\t\t<\/div>\n\t\t\t\t<div class=\"elementor-element elementor-element-92b53e6 elementor-widget elementor-widget-testimonial\" data-id=\"92b53e6\" data-element_type=\"widget\" data-e-type=\"widget\" data-widget_type=\"testimonial.default\">\n\t\t\t\t<div class=\"elementor-widget-container\">\n\t\t\t\t\t\t\t<div class=\"elementor-testimonial-wrapper\">\n\t\t\t\t\t\t\t<div class=\"elementor-testimonial-content\">Cette ann\u00e9e, j'ai achet\u00e9 une deuxi\u00e8me propri\u00e9t\u00e9 dans l'immeuble Esmeralda \u00e0 un tr\u00e8s bon prix, ce qui fait deux propri\u00e9t\u00e9s que Mercasa g\u00e8re pour moi en tant que locations touristiques.<\/div>\n\t\t\t\n\t\t\t\t\t\t<div class=\"elementor-testimonial-meta elementor-has-image elementor-testimonial-image-position-aside\">\n\t\t\t\t<div class=\"elementor-testimonial-meta-inner\">\n\t\t\t\t\t\t\t\t\t\t\t<div class=\"elementor-testimonial-image\">\n\t\t\t\t\t\t\t<img loading=\"lazy\" decoding=\"async\" width=\"2560\" height=\"953\" src=\"https:\/\/calpebooking.com\/wp-content\/uploads\/2024\/12\/beautiful-mature-woman-with-white-hair-ai-generated-image-scaled.jpg\" class=\"attachment-full size-full wp-image-4724\" alt=\"\" srcset=\"https:\/\/calpebooking.com\/wp-content\/uploads\/2024\/12\/beautiful-mature-woman-with-white-hair-ai-generated-image-scaled.jpg 2560w, https:\/\/calpebooking.com\/wp-content\/uploads\/2024\/12\/beautiful-mature-woman-with-white-hair-ai-generated-image-300x112.jpg 300w, https:\/\/calpebooking.com\/wp-content\/uploads\/2024\/12\/beautiful-mature-woman-with-white-hair-ai-generated-image-1024x381.jpg 1024w, https:\/\/calpebooking.com\/wp-content\/uploads\/2024\/12\/beautiful-mature-woman-with-white-hair-ai-generated-image-768x286.jpg 768w, https:\/\/calpebooking.com\/wp-content\/uploads\/2024\/12\/beautiful-mature-woman-with-white-hair-ai-generated-image-1536x572.jpg 1536w, https:\/\/calpebooking.com\/wp-content\/uploads\/2024\/12\/beautiful-mature-woman-with-white-hair-ai-generated-image-2048x762.jpg 2048w\" sizes=\"(max-width: 2560px) 100vw, 2560px\" \/>\t\t\t\t\t\t<\/div>\n\t\t\t\t\t\n\t\t\t\t\t\t\t\t\t\t<div class=\"elementor-testimonial-details\">\n\t\t\t\t\t\t\t\t\t\t\t\t\t\t<div class=\"elementor-testimonial-name\">Nataliia<\/div>\n\t\t\t\t\t\t\t\t\t\t\t\t\t\t\t\t\t\t\t\t\t\t<div class=\"elementor-testimonial-job\">Ukraine<\/div>\n\t\t\t\t\t\t\t\t\t\t\t\t\t<\/div>\n\t\t\t\t\t\t\t\t\t<\/div>\n\t\t\t<\/div>\n\t\t\t\t\t<\/div>\n\t\t\t\t\t\t<\/div>\n\t\t\t\t<\/div>\n\t\t\t\t\t<\/div>\n\t\t\t\t<\/div>\n\t\t\t\t<\/div>\n\t\t","protected":false},"excerpt":{"rendered":"<p>Quel est le meilleur moyen de louer ou de vendre votre propri\u00e9t\u00e9 \u00e0 Calpe? D\u00e9couvrez comment prendre la meilleure d\u00e9cision concernant votre bien immobilier Vous vous demandez s&#8217;il est temps de vendre ou si vous pouvez faire plus de profit en louant votre propri\u00e9t\u00e9 ? Ce rapport exclusif est con\u00e7u pour vous aider \u00e0 r\u00e9pondre [&hellip;]<\/p>\n","protected":false},"author":1,"featured_media":3693,"parent":0,"menu_order":0,"comment_status":"closed","ping_status":"closed","template":"","meta":{"footnotes":""},"class_list":["post-4692","page","type-page","status-publish","has-post-thumbnail","hentry"],"cubewp_post_meta":[],"taxonomies":[],"_links":{"self":[{"href":"https:\/\/calpebooking.com\/index.php?rest_route=\/wp\/v2\/pages\/4692","targetHints":{"allow":["GET"]}}],"collection":[{"href":"https:\/\/calpebooking.com\/index.php?rest_route=\/wp\/v2\/pages"}],"about":[{"href":"https:\/\/calpebooking.com\/index.php?rest_route=\/wp\/v2\/types\/page"}],"author":[{"embeddable":true,"href":"https:\/\/calpebooking.com\/index.php?rest_route=\/wp\/v2\/users\/1"}],"replies":[{"embeddable":true,"href":"https:\/\/calpebooking.com\/index.php?rest_route=%2Fwp%2Fv2%2Fcomments&post=4692"}],"version-history":[{"count":14,"href":"https:\/\/calpebooking.com\/index.php?rest_route=\/wp\/v2\/pages\/4692\/revisions"}],"predecessor-version":[{"id":5016,"href":"https:\/\/calpebooking.com\/index.php?rest_route=\/wp\/v2\/pages\/4692\/revisions\/5016"}],"wp:featuredmedia":[{"embeddable":true,"href":"https:\/\/calpebooking.com\/index.php?rest_route=\/wp\/v2\/media\/3693"}],"wp:attachment":[{"href":"https:\/\/calpebooking.com\/index.php?rest_route=%2Fwp%2Fv2%2Fmedia&parent=4692"}],"curies":[{"name":"wp","href":"https:\/\/api.w.org\/{rel}","templated":true}]}}