{"id":4680,"date":"2024-12-02T16:37:45","date_gmt":"2024-12-02T16:37:45","guid":{"rendered":"https:\/\/calpebooking.com\/?page_id=4680"},"modified":"2026-03-21T12:42:30","modified_gmt":"2026-03-21T12:42:30","slug":"que-es-mejor-alquilar-o-vender-mi-propiedad-en-calpe-2","status":"publish","type":"page","link":"https:\/\/calpebooking.com\/?page_id=4680","title":{"rendered":"\u00bfQu\u00e9 es mejor alquilar o vender mi propiedad en Calpe?"},"content":{"rendered":"\t\t<div data-elementor-type=\"wp-page\" data-elementor-id=\"4680\" class=\"elementor elementor-4680\">\n\t\t\t\t<div class=\"elementor-element elementor-element-2cb19fb e-flex e-con-boxed e-con e-parent\" data-id=\"2cb19fb\" data-element_type=\"container\" data-e-type=\"container\">\n\t\t\t\t\t<div class=\"e-con-inner\">\n\t\t\t\t<div class=\"elementor-element elementor-element-964460e elementor-widget elementor-widget-heading\" data-id=\"964460e\" data-element_type=\"widget\" data-e-type=\"widget\" data-widget_type=\"heading.default\">\n\t\t\t\t<div class=\"elementor-widget-container\">\n\t\t\t\t\t<h2 class=\"elementor-heading-title elementor-size-default\"> \u00bfQu\u00e9 es mejor alquilar o vender tu propiedad en Calpe? <\/h2>\t\t\t\t<\/div>\n\t\t\t\t<\/div>\n\t\t\t\t\t<\/div>\n\t\t\t\t<\/div>\n\t\t<div class=\"elementor-element elementor-element-bf74caa e-flex e-con-boxed e-con e-parent\" data-id=\"bf74caa\" data-element_type=\"container\" data-e-type=\"container\">\n\t\t\t\t\t<div class=\"e-con-inner\">\n\t\t<div class=\"elementor-element elementor-element-021f091 e-con-full e-flex e-con e-child\" data-id=\"021f091\" data-element_type=\"container\" data-e-type=\"container\">\n\t\t\t\t<div class=\"elementor-element elementor-element-82ed625 elementor-widget elementor-widget-image\" data-id=\"82ed625\" data-element_type=\"widget\" data-e-type=\"widget\" data-widget_type=\"image.default\">\n\t\t\t\t<div class=\"elementor-widget-container\">\n\t\t\t\t\t\t\t\t\t\t\t\t\t\t\t\t<a href=\"https:\/\/mercasa-calpe1.ipzmarketing.com\/f\/sTueW0zy0yg\">\n\t\t\t\t\t\t\t<img fetchpriority=\"high\" decoding=\"async\" width=\"900\" height=\"600\" src=\"https:\/\/calpebooking.com\/wp-content\/uploads\/2024\/12\/ES-Que-es-mejor-alquilar-o-vender-su-propiedad-de-Calpe-1024x683.jpg\" class=\"attachment-large size-large wp-image-4682\" alt=\"\" srcset=\"https:\/\/calpebooking.com\/wp-content\/uploads\/2024\/12\/ES-Que-es-mejor-alquilar-o-vender-su-propiedad-de-Calpe-1024x683.jpg 1024w, https:\/\/calpebooking.com\/wp-content\/uploads\/2024\/12\/ES-Que-es-mejor-alquilar-o-vender-su-propiedad-de-Calpe-300x200.jpg 300w, https:\/\/calpebooking.com\/wp-content\/uploads\/2024\/12\/ES-Que-es-mejor-alquilar-o-vender-su-propiedad-de-Calpe-768x512.jpg 768w, https:\/\/calpebooking.com\/wp-content\/uploads\/2024\/12\/ES-Que-es-mejor-alquilar-o-vender-su-propiedad-de-Calpe-1536x1024.jpg 1536w, https:\/\/calpebooking.com\/wp-content\/uploads\/2024\/12\/ES-Que-es-mejor-alquilar-o-vender-su-propiedad-de-Calpe-2048x1365.jpg 2048w, https:\/\/calpebooking.com\/wp-content\/uploads\/2024\/12\/ES-Que-es-mejor-alquilar-o-vender-su-propiedad-de-Calpe-287x190.jpg 287w\" sizes=\"(max-width: 900px) 100vw, 900px\" \/>\t\t\t\t\t\t\t\t<\/a>\n\t\t\t\t\t\t\t\t\t\t\t\t\t\t\t<\/div>\n\t\t\t\t<\/div>\n\t\t\t\t<\/div>\n\t\t<div class=\"elementor-element elementor-element-a25c043 e-con-full e-flex e-con e-child\" data-id=\"a25c043\" data-element_type=\"container\" data-e-type=\"container\">\n\t\t\t\t<div class=\"elementor-element elementor-element-8f10b1c elementor-widget elementor-widget-heading\" data-id=\"8f10b1c\" data-element_type=\"widget\" data-e-type=\"widget\" data-widget_type=\"heading.default\">\n\t\t\t\t<div class=\"elementor-widget-container\">\n\t\t\t\t\t<h3 class=\"elementor-heading-title elementor-size-default\">Descubre como tomar la mejor decisi\u00f3n con tu propiedad<\/h3>\t\t\t\t<\/div>\n\t\t\t\t<\/div>\n\t\t\n\t\t<div class=\"elementor-element elementor-element-7f64223 elementor-widget elementor-widget-text-editor\" data-id=\"7f64223\" data-element_type=\"widget\" data-e-type=\"widget\" data-widget_type=\"text-editor.default\">\n\t\t\t\t<div class=\"elementor-widget-container\">\n\t\t\t\t\t\t\t\t\t<p>\u00bfTe preguntas si es el momento de vender o si podr\u00edas obtener m\u00e1s beneficios alquilando tu vivienda? Este informe exclusivo est\u00e1 dise\u00f1ado para ayudarte a resolver esa duda. Te ofrecemos un an\u00e1lisis completo de la situaci\u00f3n actual del mercado inmobiliario en Calpe, ejemplos reales de casos de \u00e9xito, y un desglose de las razones que hacen de la Playa de la Fossa una de las \u00e1reas m\u00e1s demandadas de toda la Costa Blanca. Con esta informaci\u00f3n, podr\u00e1s tomar una decisi\u00f3n informada y aprovechar al m\u00e1ximo tu inversi\u00f3n.<\/p>\t\t\t\t\t\t\t\t<\/div>\n\t\t\t\t<\/div>\n\t\t\t\t<div class=\"elementor-element elementor-element-9886bbd elementor-widget elementor-widget-button\" data-id=\"9886bbd\" data-element_type=\"widget\" data-e-type=\"widget\" data-widget_type=\"button.default\">\n\t\t\t\t<div class=\"elementor-widget-container\">\n\t\t\t\t\t\t\t\t\t<div class=\"elementor-button-wrapper\">\n\t\t\t\t\t<a class=\"elementor-button elementor-button-link elementor-size-sm\" href=\"https:\/\/mercasa-calpe1.ipzmarketing.com\/f\/sTueW0zy0yg\">\n\t\t\t\t\t\t<span class=\"elementor-button-content-wrapper\">\n\t\t\t\t\t\t<span class=\"elementor-button-icon\">\n\t\t\t\t<svg aria-hidden=\"true\" class=\"e-font-icon-svg e-far-file-pdf\" viewBox=\"0 0 384 512\" xmlns=\"http:\/\/www.w3.org\/2000\/svg\"><path d=\"M369.9 97.9L286 14C277 5 264.8-.1 252.1-.1H48C21.5 0 0 21.5 0 48v416c0 26.5 21.5 48 48 48h288c26.5 0 48-21.5 48-48V131.9c0-12.7-5.1-25-14.1-34zM332.1 128H256V51.9l76.1 76.1zM48 464V48h160v104c0 13.3 10.7 24 24 24h104v288H48zm250.2-143.7c-12.2-12-47-8.7-64.4-6.5-17.2-10.5-28.7-25-36.8-46.3 3.9-16.1 10.1-40.6 5.4-56-4.2-26.2-37.8-23.6-42.6-5.9-4.4 16.1-.4 38.5 7 67.1-10 23.9-24.9 56-35.4 74.4-20 10.3-47 26.2-51 46.2-3.3 15.8 26 55.2 76.1-31.2 22.4-7.4 46.8-16.5 68.4-20.1 18.9 10.2 41 17 55.8 17 25.5 0 28-28.2 17.5-38.7zm-198.1 77.8c5.1-13.7 24.5-29.5 30.4-35-19 30.3-30.4 35.7-30.4 35zm81.6-190.6c7.4 0 6.7 32.1 1.8 40.8-4.4-13.9-4.3-40.8-1.8-40.8zm-24.4 136.6c9.7-16.9 18-37 24.7-54.7 8.3 15.1 18.9 27.2 30.1 35.5-20.8 4.3-38.9 13.1-54.8 19.2zm131.6-5s-5 6-37.3-7.8c35.1-2.6 40.9 5.4 37.3 7.8z\"><\/path><\/svg>\t\t\t<\/span>\n\t\t\t\t\t\t\t\t\t<span class=\"elementor-button-text\">Descargar Informe<\/span>\n\t\t\t\t\t<\/span>\n\t\t\t\t\t<\/a>\n\t\t\t\t<\/div>\n\t\t\t\t\t\t\t\t<\/div>\n\t\t\t\t<\/div>\n\t\t\t\t<\/div>\n\t\t\t\t\t<\/div>\n\t\t\t\t<\/div>\n\t\t<div class=\"elementor-element elementor-element-3def248 e-flex e-con-boxed e-con e-parent\" data-id=\"3def248\" data-element_type=\"container\" data-e-type=\"container\">\n\t\t\t\t\t<div class=\"e-con-inner\">\n\t\t<div class=\"elementor-element elementor-element-637a7f5 e-con-full e-flex e-con e-child\" data-id=\"637a7f5\" data-element_type=\"container\" data-e-type=\"container\">\n\t\t\t\t<div class=\"elementor-element elementor-element-2c31290 elementor-widget elementor-widget-heading\" data-id=\"2c31290\" data-element_type=\"widget\" data-e-type=\"widget\" data-widget_type=\"heading.default\">\n\t\t\t\t<div class=\"elementor-widget-container\">\n\t\t\t\t\t<h2 class=\"elementor-heading-title elementor-size-default\">Testimonios<\/h2>\t\t\t\t<\/div>\n\t\t\t\t<\/div>\n\t\t\t\t<\/div>\n\t\t\t\t\t<\/div>\n\t\t\t\t<\/div>\n\t\t<div class=\"elementor-element elementor-element-94dee0b e-grid e-con-boxed e-con e-parent\" data-id=\"94dee0b\" data-element_type=\"container\" data-e-type=\"container\">\n\t\t\t\t\t<div class=\"e-con-inner\">\n\t\t\t\t<div class=\"elementor-element elementor-element-d06c512 elementor-widget elementor-widget-testimonial\" data-id=\"d06c512\" data-element_type=\"widget\" data-e-type=\"widget\" data-widget_type=\"testimonial.default\">\n\t\t\t\t<div class=\"elementor-widget-container\">\n\t\t\t\t\t\t\t<div class=\"elementor-testimonial-wrapper\">\n\t\t\t\t\t\t\t<div class=\"elementor-testimonial-content\">En el a\u00f1o 2022 compr\u00e9 una propiedad en el Edificio Topacio I por 150.000\u20ac, actualmente se est\u00e1n vendiendo por 180.000\u20ac, pero de momento me rinde m\u00e1s el alquiler tur\u00edstico, ya que me est\u00e1 dando una mejor rentabilidad de la que me podr\u00eda dar el banco con sus propuestas de fondos de<\/div>\n\t\t\t\n\t\t\t\t\t\t<div class=\"elementor-testimonial-meta elementor-has-image elementor-testimonial-image-position-aside\">\n\t\t\t\t<div class=\"elementor-testimonial-meta-inner\">\n\t\t\t\t\t\t\t\t\t\t\t<div class=\"elementor-testimonial-image\">\n\t\t\t\t\t\t\t<img decoding=\"async\" width=\"2560\" height=\"1707\" src=\"https:\/\/calpebooking.com\/wp-content\/uploads\/2024\/12\/adult-pretty-woman-thinking-with-pensive-expression-against-wall-background-ai-generated-scaled.jpg\" class=\"attachment-full size-full wp-image-4715\" alt=\"\" srcset=\"https:\/\/calpebooking.com\/wp-content\/uploads\/2024\/12\/adult-pretty-woman-thinking-with-pensive-expression-against-wall-background-ai-generated-scaled.jpg 2560w, https:\/\/calpebooking.com\/wp-content\/uploads\/2024\/12\/adult-pretty-woman-thinking-with-pensive-expression-against-wall-background-ai-generated-300x200.jpg 300w, https:\/\/calpebooking.com\/wp-content\/uploads\/2024\/12\/adult-pretty-woman-thinking-with-pensive-expression-against-wall-background-ai-generated-1024x683.jpg 1024w, https:\/\/calpebooking.com\/wp-content\/uploads\/2024\/12\/adult-pretty-woman-thinking-with-pensive-expression-against-wall-background-ai-generated-768x512.jpg 768w, https:\/\/calpebooking.com\/wp-content\/uploads\/2024\/12\/adult-pretty-woman-thinking-with-pensive-expression-against-wall-background-ai-generated-1536x1024.jpg 1536w, https:\/\/calpebooking.com\/wp-content\/uploads\/2024\/12\/adult-pretty-woman-thinking-with-pensive-expression-against-wall-background-ai-generated-2048x1365.jpg 2048w, https:\/\/calpebooking.com\/wp-content\/uploads\/2024\/12\/adult-pretty-woman-thinking-with-pensive-expression-against-wall-background-ai-generated-287x190.jpg 287w\" sizes=\"(max-width: 2560px) 100vw, 2560px\" \/>\t\t\t\t\t\t<\/div>\n\t\t\t\t\t\n\t\t\t\t\t\t\t\t\t\t<div class=\"elementor-testimonial-details\">\n\t\t\t\t\t\t\t\t\t\t\t\t\t\t<div class=\"elementor-testimonial-name\">Sandra<\/div>\n\t\t\t\t\t\t\t\t\t\t\t\t\t\t\t\t\t\t\t\t\t\t<div class=\"elementor-testimonial-job\">Holland<\/div>\n\t\t\t\t\t\t\t\t\t\t\t\t\t<\/div>\n\t\t\t\t\t\t\t\t\t<\/div>\n\t\t\t<\/div>\n\t\t\t\t\t<\/div>\n\t\t\t\t\t\t<\/div>\n\t\t\t\t<\/div>\n\t\t\t\t<div class=\"elementor-element elementor-element-7aeb3dd elementor-widget elementor-widget-testimonial\" data-id=\"7aeb3dd\" data-element_type=\"widget\" data-e-type=\"widget\" data-widget_type=\"testimonial.default\">\n\t\t\t\t<div class=\"elementor-widget-container\">\n\t\t\t\t\t\t\t<div class=\"elementor-testimonial-wrapper\">\n\t\t\t\t\t\t\t<div class=\"elementor-testimonial-content\">Este a\u00f1o decid\u00ed vender la vivienda porque en ya tengo 75 a\u00f1os y me cuesta mucho venir desde Bilbao a Calpe, por lo que prefiero vender ahora y comprar otra propiedad en mi zona para mis hijos.\u00a0<\/div>\n\t\t\t\n\t\t\t\t\t\t<div class=\"elementor-testimonial-meta elementor-has-image elementor-testimonial-image-position-aside\">\n\t\t\t\t<div class=\"elementor-testimonial-meta-inner\">\n\t\t\t\t\t\t\t\t\t\t\t<div class=\"elementor-testimonial-image\">\n\t\t\t\t\t\t\t<img decoding=\"async\" width=\"2560\" height=\"1463\" src=\"https:\/\/calpebooking.com\/wp-content\/uploads\/2024\/12\/one-man-looking-camera-with-confidence-generated-by-ai-scaled.jpg\" class=\"attachment-full size-full wp-image-4721\" alt=\"\" srcset=\"https:\/\/calpebooking.com\/wp-content\/uploads\/2024\/12\/one-man-looking-camera-with-confidence-generated-by-ai-scaled.jpg 2560w, https:\/\/calpebooking.com\/wp-content\/uploads\/2024\/12\/one-man-looking-camera-with-confidence-generated-by-ai-300x171.jpg 300w, https:\/\/calpebooking.com\/wp-content\/uploads\/2024\/12\/one-man-looking-camera-with-confidence-generated-by-ai-1024x585.jpg 1024w, https:\/\/calpebooking.com\/wp-content\/uploads\/2024\/12\/one-man-looking-camera-with-confidence-generated-by-ai-768x439.jpg 768w, https:\/\/calpebooking.com\/wp-content\/uploads\/2024\/12\/one-man-looking-camera-with-confidence-generated-by-ai-1536x878.jpg 1536w, https:\/\/calpebooking.com\/wp-content\/uploads\/2024\/12\/one-man-looking-camera-with-confidence-generated-by-ai-2048x1170.jpg 2048w\" sizes=\"(max-width: 2560px) 100vw, 2560px\" \/>\t\t\t\t\t\t<\/div>\n\t\t\t\t\t\n\t\t\t\t\t\t\t\t\t\t<div class=\"elementor-testimonial-details\">\n\t\t\t\t\t\t\t\t\t\t\t\t\t\t<div class=\"elementor-testimonial-name\">Juan Carlos<\/div>\n\t\t\t\t\t\t\t\t\t\t\t\t\t\t\t\t\t\t\t\t\t\t<div class=\"elementor-testimonial-job\">Espa\u00f1a<\/div>\n\t\t\t\t\t\t\t\t\t\t\t\t\t<\/div>\n\t\t\t\t\t\t\t\t\t<\/div>\n\t\t\t<\/div>\n\t\t\t\t\t<\/div>\n\t\t\t\t\t\t<\/div>\n\t\t\t\t<\/div>\n\t\t\t\t<div class=\"elementor-element elementor-element-5081084 elementor-widget elementor-widget-testimonial\" data-id=\"5081084\" data-element_type=\"widget\" data-e-type=\"widget\" data-widget_type=\"testimonial.default\">\n\t\t\t\t<div class=\"elementor-widget-container\">\n\t\t\t\t\t\t\t<div class=\"elementor-testimonial-wrapper\">\n\t\t\t\t\t\t\t<div class=\"elementor-testimonial-content\">Este a\u00f1o compr\u00e9 una segunda vivienda en el Edificio Esmeralda a un precio muy bueno, y ya son dos propiedades que Mercasa me gestiona de alquiler tur\u00edstico. <\/div>\n\t\t\t\n\t\t\t\t\t\t<div class=\"elementor-testimonial-meta elementor-has-image elementor-testimonial-image-position-aside\">\n\t\t\t\t<div class=\"elementor-testimonial-meta-inner\">\n\t\t\t\t\t\t\t\t\t\t\t<div class=\"elementor-testimonial-image\">\n\t\t\t\t\t\t\t<img loading=\"lazy\" decoding=\"async\" width=\"2560\" height=\"953\" src=\"https:\/\/calpebooking.com\/wp-content\/uploads\/2024\/12\/beautiful-mature-woman-with-white-hair-ai-generated-image-scaled.jpg\" class=\"attachment-full size-full wp-image-4727\" alt=\"\" srcset=\"https:\/\/calpebooking.com\/wp-content\/uploads\/2024\/12\/beautiful-mature-woman-with-white-hair-ai-generated-image-scaled.jpg 2560w, https:\/\/calpebooking.com\/wp-content\/uploads\/2024\/12\/beautiful-mature-woman-with-white-hair-ai-generated-image-300x112.jpg 300w, https:\/\/calpebooking.com\/wp-content\/uploads\/2024\/12\/beautiful-mature-woman-with-white-hair-ai-generated-image-1024x381.jpg 1024w, https:\/\/calpebooking.com\/wp-content\/uploads\/2024\/12\/beautiful-mature-woman-with-white-hair-ai-generated-image-768x286.jpg 768w, https:\/\/calpebooking.com\/wp-content\/uploads\/2024\/12\/beautiful-mature-woman-with-white-hair-ai-generated-image-1536x572.jpg 1536w, https:\/\/calpebooking.com\/wp-content\/uploads\/2024\/12\/beautiful-mature-woman-with-white-hair-ai-generated-image-2048x762.jpg 2048w\" sizes=\"(max-width: 2560px) 100vw, 2560px\" \/>\t\t\t\t\t\t<\/div>\n\t\t\t\t\t\n\t\t\t\t\t\t\t\t\t\t<div class=\"elementor-testimonial-details\">\n\t\t\t\t\t\t\t\t\t\t\t\t\t\t<div class=\"elementor-testimonial-name\">Nataliia<\/div>\n\t\t\t\t\t\t\t\t\t\t\t\t\t\t\t\t\t\t\t\t\t\t<div class=\"elementor-testimonial-job\">Ucrania<\/div>\n\t\t\t\t\t\t\t\t\t\t\t\t\t<\/div>\n\t\t\t\t\t\t\t\t\t<\/div>\n\t\t\t<\/div>\n\t\t\t\t\t<\/div>\n\t\t\t\t\t\t<\/div>\n\t\t\t\t<\/div>\n\t\t\t\t\t<\/div>\n\t\t\t\t<\/div>\n\t\t\t\t<\/div>\n\t\t","protected":false},"excerpt":{"rendered":"<p>\u00bfQu\u00e9 es mejor alquilar o vender tu propiedad en Calpe? Descubre como tomar la mejor decisi\u00f3n con tu propiedad \u00bfTe preguntas si es el momento de vender o si podr\u00edas obtener m\u00e1s beneficios alquilando tu vivienda? Este informe exclusivo est\u00e1 dise\u00f1ado para ayudarte a resolver esa duda. Te ofrecemos un an\u00e1lisis completo de la situaci\u00f3n [&hellip;]<\/p>\n","protected":false},"author":1,"featured_media":3693,"parent":0,"menu_order":0,"comment_status":"closed","ping_status":"closed","template":"","meta":{"footnotes":""},"class_list":["post-4680","page","type-page","status-publish","has-post-thumbnail","hentry"],"cubewp_post_meta":[],"taxonomies":[],"_links":{"self":[{"href":"https:\/\/calpebooking.com\/index.php?rest_route=\/wp\/v2\/pages\/4680","targetHints":{"allow":["GET"]}}],"collection":[{"href":"https:\/\/calpebooking.com\/index.php?rest_route=\/wp\/v2\/pages"}],"about":[{"href":"https:\/\/calpebooking.com\/index.php?rest_route=\/wp\/v2\/types\/page"}],"author":[{"embeddable":true,"href":"https:\/\/calpebooking.com\/index.php?rest_route=\/wp\/v2\/users\/1"}],"replies":[{"embeddable":true,"href":"https:\/\/calpebooking.com\/index.php?rest_route=%2Fwp%2Fv2%2Fcomments&post=4680"}],"version-history":[{"count":14,"href":"https:\/\/calpebooking.com\/index.php?rest_route=\/wp\/v2\/pages\/4680\/revisions"}],"predecessor-version":[{"id":5010,"href":"https:\/\/calpebooking.com\/index.php?rest_route=\/wp\/v2\/pages\/4680\/revisions\/5010"}],"wp:featuredmedia":[{"embeddable":true,"href":"https:\/\/calpebooking.com\/index.php?rest_route=\/wp\/v2\/media\/3693"}],"wp:attachment":[{"href":"https:\/\/calpebooking.com\/index.php?rest_route=%2Fwp%2Fv2%2Fmedia&parent=4680"}],"curies":[{"name":"wp","href":"https:\/\/api.w.org\/{rel}","templated":true}]}}